{"id":19,"date":"2024-11-12T22:40:18","date_gmt":"2024-11-12T22:40:18","guid":{"rendered":"https:\/\/europasia-riskmanagement.logisch.ch\/?page_id=19"},"modified":"2024-11-12T22:40:46","modified_gmt":"2024-11-12T22:40:46","slug":"krankenkassen","status":"publish","type":"page","link":"https:\/\/europasia-riskmanagement.logisch.ch\/index.php\/krankenkassen\/","title":{"rendered":"Krankenkassen"},"content":{"rendered":"\n<h2 class=\"wp-block-heading\">Wechsel zur thail\u00e4ndischen Krankenversicherung<\/h2>\n\n\n\n<p>Wenn man die Gesetzhebungen in einem europ\u00e4ischen Land wie die Schweiz kennt, ist der Wechsel zu einer Krankenversicherung in Thailand nicht immer einfach zu verstehen.<\/p>\n\n\n\n<p>Gerne unterbreiten wir Ihnen Offerten auf Sie pers\u00f6nlich zugeschnitten f\u00fcr den Wechsel zu einer Krankenversicherung in Thailand.<\/p>\n\n\n\n<p><a href=\"https:\/\/europasia-riskmanagement.logisch.ch\/index.php\/kontakt\/\" data-type=\"page\" data-id=\"6\">Kontaktieren <\/a>Sie uns unverbindlich f\u00fcr Ihre Krankenversicherung in Thailand.<\/p>\n","protected":false},"excerpt":{"rendered":"<p>Wechsel zur thail\u00e4ndischen Krankenversicherung Wenn man die Gesetzhebungen in einem europ\u00e4ischen Land wie die Schweiz kennt, ist der Wechsel zu einer Krankenversicherung in Thailand nicht immer einfach zu verstehen. Gerne unterbreiten wir Ihnen Offerten auf Sie pers\u00f6nlich zugeschnitten f\u00fcr den Wechsel zu einer Krankenversicherung in Thailand. Kontaktieren Sie uns unverbindlich f\u00fcr Ihre Krankenversicherung in Thailand.<\/p>\n","protected":false},"author":1,"featured_media":0,"parent":0,"menu_order":0,"comment_status":"closed","ping_status":"closed","template":"page-with-sidebar","meta":{"footnotes":""},"class_list":["post-19","page","type-page","status-publish","hentry"],"_links":{"self":[{"href":"https:\/\/europasia-riskmanagement.logisch.ch\/index.php\/wp-json\/wp\/v2\/pages\/19","targetHints":{"allow":["GET"]}}],"collection":[{"href":"https:\/\/europasia-riskmanagement.logisch.ch\/index.php\/wp-json\/wp\/v2\/pages"}],"about":[{"href":"https:\/\/europasia-riskmanagement.logisch.ch\/index.php\/wp-json\/wp\/v2\/types\/page"}],"author":[{"embeddable":true,"href":"https:\/\/europasia-riskmanagement.logisch.ch\/index.php\/wp-json\/wp\/v2\/users\/1"}],"replies":[{"embeddable":true,"href":"https:\/\/europasia-riskmanagement.logisch.ch\/index.php\/wp-json\/wp\/v2\/comments?post=19"}],"version-history":[{"count":1,"href":"https:\/\/europasia-riskmanagement.logisch.ch\/index.php\/wp-json\/wp\/v2\/pages\/19\/revisions"}],"predecessor-version":[{"id":20,"href":"https:\/\/europasia-riskmanagement.logisch.ch\/index.php\/wp-json\/wp\/v2\/pages\/19\/revisions\/20"}],"wp:attachment":[{"href":"https:\/\/europasia-riskmanagement.logisch.ch\/index.php\/wp-json\/wp\/v2\/media?parent=19"}],"curies":[{"name":"wp","href":"https:\/\/api.w.org\/{rel}","templated":true}]}}