{"id":49,"date":"2024-11-12T23:43:00","date_gmt":"2024-11-12T23:43:00","guid":{"rendered":"https:\/\/europasia-riskmanagement.logisch.ch\/?page_id=49"},"modified":"2024-11-13T00:57:13","modified_gmt":"2024-11-13T00:57:13","slug":"markus-winter","status":"publish","type":"page","link":"https:\/\/europasia-riskmanagement.logisch.ch\/index.php\/markus-winter\/","title":{"rendered":"Markus Winter WebPublisher"},"content":{"rendered":"\n<figure class=\"wp-block-image alignright size-full is-resized\"><img loading=\"lazy\" decoding=\"async\" width=\"90\" height=\"90\" src=\"https:\/\/europasia-riskmanagement.logisch.ch\/wp-content\/uploads\/2024\/11\/Markus_Winter_-Luzern-90x90-1.jpg\" alt=\"\" class=\"wp-image-80\" style=\"width:136px;height:auto\"\/><\/figure>\n\n\n\n<p>Der WebPublisher Markus Winter erstellt f\u00fcr Sie unter dem Label <a href=\"https:\/\/europasia-riskmanagement.logisch.ch\/index.php\/internas\/swisswebpage\/\" data-type=\"page\" data-id=\"45\" target=\"_blank\" rel=\"noreferrer noopener\">Swiss Web Page<\/a> Internetseiten mit dem weit verbreiteten CMS WordPress. Ausf\u00fchrliche Informationen \u00fcber Markus Winter, seinen T\u00e4tigkeien und seinem Werdegang  finden Sie auf seiner Hauptseite <a href=\"https:\/\/Markus-Winter.ch\" target=\"_blank\" rel=\"noreferrer noopener\">https:\/\/Markus-Winter.ch<\/a>.<\/p>\n","protected":false},"excerpt":{"rendered":"<p>Der WebPublisher Markus Winter erstellt f\u00fcr Sie unter dem Label Swiss Web Page Internetseiten mit dem weit verbreiteten CMS WordPress. Ausf\u00fchrliche Informationen \u00fcber Markus Winter, seinen T\u00e4tigkeien und seinem Werdegang finden Sie auf seiner Hauptseite https:\/\/Markus-Winter.ch.<\/p>\n","protected":false},"author":1,"featured_media":0,"parent":0,"menu_order":0,"comment_status":"closed","ping_status":"closed","template":"page-with-sidebar","meta":{"footnotes":""},"class_list":["post-49","page","type-page","status-publish","hentry"],"_links":{"self":[{"href":"https:\/\/europasia-riskmanagement.logisch.ch\/index.php\/wp-json\/wp\/v2\/pages\/49","targetHints":{"allow":["GET"]}}],"collection":[{"href":"https:\/\/europasia-riskmanagement.logisch.ch\/index.php\/wp-json\/wp\/v2\/pages"}],"about":[{"href":"https:\/\/europasia-riskmanagement.logisch.ch\/index.php\/wp-json\/wp\/v2\/types\/page"}],"author":[{"embeddable":true,"href":"https:\/\/europasia-riskmanagement.logisch.ch\/index.php\/wp-json\/wp\/v2\/users\/1"}],"replies":[{"embeddable":true,"href":"https:\/\/europasia-riskmanagement.logisch.ch\/index.php\/wp-json\/wp\/v2\/comments?post=49"}],"version-history":[{"count":6,"href":"https:\/\/europasia-riskmanagement.logisch.ch\/index.php\/wp-json\/wp\/v2\/pages\/49\/revisions"}],"predecessor-version":[{"id":81,"href":"https:\/\/europasia-riskmanagement.logisch.ch\/index.php\/wp-json\/wp\/v2\/pages\/49\/revisions\/81"}],"wp:attachment":[{"href":"https:\/\/europasia-riskmanagement.logisch.ch\/index.php\/wp-json\/wp\/v2\/media?parent=49"}],"curies":[{"name":"wp","href":"https:\/\/api.w.org\/{rel}","templated":true}]}}